{"id":2,"date":"2017-11-21T22:01:57","date_gmt":"2017-11-21T22:01:57","guid":{"rendered":"http:\/\/winkle.pl\/?page_id=2"},"modified":"2018-01-11T11:05:51","modified_gmt":"2018-01-11T11:05:51","slug":"about","status":"publish","type":"page","link":"http:\/\/winkle.pl\/?page_id=2","title":{"rendered":"O NAS"},"content":{"rendered":"<div id=\"pl-2\"  class=\"panel-layout\" ><div id=\"pg-2-0\"  class=\"panel-grid panel-has-style\" ><div style=\"padding-top: 100px; padding-bottom: 30px; \" data-mobile-padding=\"50px\" data-overlay-color=\"#000000\" class=\"panel-row-style panel-row-style-for-2-0\" ><div id=\"pgc-2-0-0\"  class=\"panel-grid-cell\" ><div id=\"panel-2-0-0-0\" class=\"so-panel widget widget_text panel-first-child panel-last-child\" data-index=\"0\" ><div style=\"text-align: left;\" data-title-color=\"#2d3142\" data-headings-color=\"#2d3142\" class=\"panel-widget-style panel-widget-style-for-2-0-0-0\" ><h3 class=\"widget-title\">KIM JESTE\u015aMY<\/h3>\t\t\t<div class=\"textwidget\"><p>Jeste\u015bmy zespo\u0142em architekt\u00f3w, z pasj\u0105 do nieszablonowych projekt\u00f3w architektury, wn\u0119trz oraz produkt\u00f3w. Jeste\u015bmy w stanie przeku\u0107 nawet najbardziej \u015bmia\u0142e wizje i marzenia klienta w namacalne i trwa\u0142e rozwi\u0105zania.<br \/>\nUwa\u017camy, \u017ce w ka\u017cdej przestrzeni drzemie potencja\u0142 do stania si\u0119 wyj\u0105tkowym miejscem przynosz\u0105cym ka\u017cdego dnia rado\u015b\u0107 jej u\u017cytkownikom.<\/p>\n<p><span style=\"font-weight: 400;\">W projektowaniu najbardziej poci\u0105ga nas eksperymentowanie z przestrzeni\u0105, technologi\u0105 i materia\u0142em. W swoich projektach dbamy nie tylko o warto\u015bci estetyczne i u\u017cytkowe projektowanych obiekt\u00f3w, ale tak\u017ce o m\u0105dre i uwa\u017cne zaprogramowanie funkcji w przestrzeni. Interesuje nas przede wszystkim, jak b\u0119dzie ona umo\u017cliwia\u0107 interakcj\u0119 i jakie informacje b\u0119dzie przekazywa\u0107 u\u017cytkownikom.<\/span><\/p>\n<p><span style=\"font-weight: 400;\">Chcemy by nasze projekty by\u0142y obrazem czas\u00f3w w kt\u00f3rych powstaj\u0105. Dlatego w procesie projektowym wykorzystujemy zaawansowane oprogramowanie do projektowania 3D, z pe\u0142n\u0105 swobod\u0105 korzystamy z narz\u0119dzi cyfrowej fabrykacji i na bie\u017c\u0105co \u015bledzimy rynek nowych technologii budowlanych. Jednocze\u015bnie jeste\u015bmy mocnymi adwokatami procesu partycypacyjnego w projektowaniu, gdy\u017c uwa\u017camy, \u017ce najlepsze wyniki przynosi projektowanie w dialogu z odbiorc\u0105.<\/span><\/p>\n<\/div>\n\t\t<\/div><\/div><\/div><\/div><\/div><div id=\"pg-2-1\"  class=\"panel-grid panel-has-style\" ><div style=\"padding-top: 50px; padding-bottom: 50px; \" data-mobile-padding=\"50px\" data-overlay-color=\"#000000\" class=\"panel-row-style panel-row-style-for-2-1\" ><div id=\"pgc-2-1-0\"  class=\"panel-grid-cell\" ><div id=\"panel-2-1-0-0\" class=\"so-panel widget widget_athemes_image athemes_image_widget panel-first-child panel-last-child\" data-index=\"1\" ><div style=\"text-align: left;\" data-title-color=\"#2d3142\" data-headings-color=\"#2d3142\" class=\"panel-widget-style panel-widget-style-for-2-1-0-0\" >        <div class=\"image-widget\">\r\n\t\t\t\t\t\t\t<img decoding=\"async\" src=\"http:\/\/winkle.pl\/wp-content\/uploads\/2018\/01\/eliza-biala-winkle.jpg\"\/>\r\n\t\t\t        <\/div>\r\n\t\t<\/div><\/div><\/div><div id=\"pgc-2-1-1\"  class=\"panel-grid-cell\" ><div id=\"panel-2-1-1-0\" class=\"so-panel widget widget_text panel-first-child panel-last-child\" data-index=\"2\" ><div style=\"text-align: left;\" data-title-color=\"#2d3142\" data-headings-color=\"#2d3142\" class=\"panel-widget-style panel-widget-style-for-2-1-1-0\" >\t\t\t<div class=\"textwidget\"><p style=\"text-align: justify;\"><b>Eliza Bia\u0142a<\/b><br \/>\ndyplom in\u017cynierski na\u00a0Wydziale<b>\u00a0<\/b>Architektury Politechniki Warszawskiej\u00a0w 2011 r promotor prof. nzw. dr in\u017c. arch. Stefana Kury\u0142owicza. Dyplom magisterski w 2014 na kierunku\u00a0Architecture for Society of Knowledge, r\u00f3wnie\u017c WAPW, promotor dr hab. in\u017c. arch. Jan S\u0142yk. Studiowa\u0142a r\u00f3wnie\u017c na\u00a0Ecole Nationale Sup\u00e9rieure d\u2019Architecture w Strasburgu oraz University of Ulsan w Korei\u00a0 Po\u0142udniowej.<br \/>\nPracowa\u0142a w pracowniach architektonicznych w Polsce (WWAA, Maksa, Warszawa), Chinach (JH Design, Shanghai), Rumunii (Hidroproject, Bukareszt) i Korei Po\u0142udniowej (CS Architects &amp; Consultants, Ulsan).<br \/>\nWsp\u00f3\u0142organizatorka \u00a0warsztat\u00f3w architektonicznych OSSA 2011 Warszawa-Fatamorgana oraz PlaNet Wawa 2007 \u2013 partycypacja spo\u0142eczna w planowaniu przestrzeni miejskiej. \u00a0Przez wiele lat dzia\u0142a\u0142a w Wydzia\u0142owej Radzie Samorz\u0105du Student\u00f3w Wydzia\u0142u Architektury Politechniki Warszawskiej.<br \/>\nUczestniczka wielu warsztat\u00f3w architektonicznych i festiwalach\u00a0m.in. OSSA 2007 Gliwice, Przetwory 2012, Indesem 2013<\/p>\n<\/div>\n\t\t<\/div><\/div><\/div><\/div><\/div><div id=\"pg-2-2\"  class=\"panel-grid panel-has-style\" ><div style=\"padding-top: 50px; padding-bottom: 50px; \" data-mobile-padding=\"50px\" data-overlay-color=\"#000000\" class=\"panel-row-style panel-row-style-for-2-2\" ><div id=\"pgc-2-2-0\"  class=\"panel-grid-cell\" ><div id=\"panel-2-2-0-0\" class=\"so-panel widget widget_athemes_image athemes_image_widget panel-first-child panel-last-child\" data-index=\"3\" ><div style=\"text-align: left;\" data-title-color=\"#2d3142\" data-headings-color=\"#2d3142\" class=\"panel-widget-style panel-widget-style-for-2-2-0-0\" >        <div class=\"image-widget\">\r\n\t\t\t\t\t\t\t<img decoding=\"async\" src=\"http:\/\/winkle.pl\/wp-content\/uploads\/2018\/01\/piotr-baszynski.jpg\"\/>\r\n\t\t\t        <\/div>\r\n\t\t<\/div><\/div><\/div><div id=\"pgc-2-2-1\"  class=\"panel-grid-cell\" ><div id=\"panel-2-2-1-0\" class=\"so-panel widget widget_text panel-first-child panel-last-child\" data-index=\"4\" ><div style=\"text-align: left;\" data-title-color=\"#2d3142\" data-headings-color=\"#2d3142\" class=\"panel-widget-style panel-widget-style-for-2-2-1-0\" >\t\t\t<div class=\"textwidget\"><p style=\"text-align: justify;\"><b>Piotr Baszy\u0144ski<\/b><br \/>\ndyplom in\u017cynierski na\u00a0Wydziale<b>\u00a0<\/b>Architektury Politechniki Warszawskiej\u00a0w 2010 r, promotor mgr in\u017c. arch. Wojciecha Kakowskiego. Dyplom magisterski w 2013 na kierunku\u00a0Architecture for Society of Knowledge, r\u00f3wnie\u017c na WAPW, promotor prof. nzw. dr arch. Jerzy Wojtowicz. Studiowa\u0142 r\u00f3wnie\u017c w Hiszpani w Alcal\u00e1 de Henares na\u00a0Escuela T\u00e9cnica Superior de Arquitectura.<br \/>\nDo\u015bwiadczenie projektowe zdobywa\u0142 pracuj\u0105c w Polsce (PDV Architekci, Asman Pieni\u0119\u017cny Architekci, Warszawa), Rumunii (Adest Architecture, Bukareszt), Anglii (Studio Octopi, Londyn), Chinach (HWCD, Szanghaj), i Niemczech (LAVA, Stuttgart). Prowadzi\u0142 warsztaty dla student\u00f3w architektury i m\u0142odych architekt\u00f3w LAVA-AXON w 2015r. w Stuttgarcie.<br \/>\nInteresuje si\u0119 w szczeg\u00f3lno\u015bci wykorzystywaniem komputer\u00f3w w do wspomagania proces\u00f3w projektowych, projektowaniem parametrycznym, cyfrow\u0105 fabrykacj\u0105 oraz konfrontowaniem tych technik z tradycyjnym rzemios\u0142em. Swoje umiej\u0119tno\u015bci rozwija\u0142\u00a0<a href=\"http:\/\/m.in\/\">m.in<\/a>. uczestnicz\u0105c w warsztatach Smartgeometry w Londynie (2013) i Hong Kongu (2014)<\/p>\n<\/div>\n\t\t<\/div><\/div><\/div><\/div><\/div><div id=\"pg-2-3\"  class=\"panel-grid panel-has-style\" ><div style=\"padding-top: 50px; padding-bottom: 50px; \" data-mobile-padding=\"50px\" data-overlay-color=\"#000000\" class=\"panel-row-style panel-row-style-for-2-3\" ><div id=\"pgc-2-3-0\"  class=\"panel-grid-cell\" ><div id=\"panel-2-3-0-0\" class=\"so-panel widget widget_athemes_image athemes_image_widget panel-first-child panel-last-child\" data-index=\"5\" ><div style=\"text-align: left;\" data-title-color=\"#2d3142\" data-headings-color=\"#2d3142\" class=\"panel-widget-style panel-widget-style-for-2-3-0-0\" >        <div class=\"image-widget\">\r\n\t\t\t\t\t\t\t<img decoding=\"async\" src=\"http:\/\/winkle.pl\/wp-content\/uploads\/2018\/01\/maga-baryla.jpg\"\/>\r\n\t\t\t        <\/div>\r\n\t\t<\/div><\/div><\/div><div id=\"pgc-2-3-1\"  class=\"panel-grid-cell\" ><div id=\"panel-2-3-1-0\" class=\"so-panel widget widget_text panel-first-child panel-last-child\" data-index=\"6\" ><div style=\"text-align: left;\" data-title-color=\"#2d3142\" data-headings-color=\"#2d3142\" class=\"panel-widget-style panel-widget-style-for-2-3-1-0\" >\t\t\t<div class=\"textwidget\"><p style=\"text-align: justify;\"><b>Maga Bary\u0142a <\/b><br \/>\ndyplom in\u017cynierski na Wydziale Architektury Politechniki Warszawskiej w 2013r, promotor mgr arch. Stanis\u0142aw Kar\u0142owski. Studiowa\u0142a r\u00f3wnie\u017c w Madrycie, na Escuela T\u00e9cnica Superior de Arquitectura de Madrid.<br \/>Do\u015bwiadczenie projektowe zdobywa\u0142a w cenionych warszawskich pracowniach (Szcze\u015bniak Dernier Architekci, Projekt Praga, Mateusz Ta\u0144ski and Associates). Prowadzi\u0142a warsztaty studenckie z zaproszenia SARP Cz\u0119stochowa w 2012r oraz w 2016r. mi\u0119dzynarodowy warsztat na Meeting of Design Students (MEDS) w Bukareszcie.<br \/>\nWsp\u00f3\u0142organizatorka licznych warsztat\u00f3w i wydarze\u0144, w tym Og\u00f3lnopolskiego Spotkania Student\u00f3w Architektury OSSA 2011 Warszawa Fatamorgana i kongresu PlaNet Wawa 2007 \u2013 partycypacja spo\u0142eczna w planowaniu przestrzeni miejskiej. Wieloletnia przewodnicz\u0105ca i cz\u0142onkini zarz\u0105du krajowego Og\u00f3lnopolskiego Stowarzyszenia Student\u00f3w Architektury, uczestniczka wielu warsztat\u00f3w, wolontariuszka przy festiwalach sztuki i architektury. Jej zainteresowania obejmuj\u0105 zar\u00f3wno architektur\u0119, jak i konstrukcje i rzemios\u0142o. Lubi robi\u0107 nowe rzeczy.<\/p>\n<\/div>\n\t\t<\/div><\/div><\/div><\/div><\/div><div id=\"pg-2-4\"  class=\"panel-grid panel-has-style\" ><div style=\"padding-top: 30px; padding-bottom: 100px; \" data-mobile-padding=\"50px\" data-overlay-color=\"#000000\" class=\"panel-row-style panel-row-style-for-2-4\" ><div id=\"pgc-2-4-0\"  class=\"panel-grid-cell\" ><div id=\"panel-2-4-0-0\" class=\"so-panel widget widget_text panel-first-child panel-last-child\" data-index=\"7\" ><div style=\"text-align: left;\" data-title-color=\"#2d3142\" data-headings-color=\"#2d3142\" class=\"panel-widget-style panel-widget-style-for-2-4-0-0\" ><h3 class=\"widget-title\">Sukcesy w konkursach<\/h3>\t\t\t<div class=\"textwidget\"><p><a href=\"http:\/\/winkle.pl\/?konkursy=podziel-kwadrat\">2012.03 Podziel Kwadrat<\/a>\u00a0 \u00a0 \u00a0 \u00a0 \u00a0 \u00a0 \u00a0 \u00a0 \u00a0 \u00a0 \u00a0 \u00a0 \u00a0 \u00a0 \u00a0 \u00a0 \u00a0 \u00a0 \u00a0 \u00a0 \u00a0 \u00a0 <a href=\"http:\/\/winkle.pl\/?konkursy=podziel-kwadrat\">Koncepcja Remont Domu Kultury INSPIRO<\/a>\u00a0 \u00a0 \u00a0 \u00a0 \u00a0 \u00a0 \u00a0 \u00a0 \u00a0 \u00a0 \u00a0 \u00a0 \u00a0 \u00a0 \u00a0 \u00a0 \u00a0 \u00a0 \u00a0 \u00a0 \u00a0 \u00a0 \u00a0 \u00a0 \u00a0 \u00a0 \u00a0 \u00a0 \u00a0 \u00a0 \u00a0 \u00a0 \u00a0 \u00a0 \u00a0 \u00a0 II Nagroda ex aequo<\/p>\n<p><a href=\"http:\/\/winkle.pl\/?konkursy=yarky\">2014.08 YARKYFEST<\/a>\u00a0 \u00a0 \u00a0 \u00a0 \u00a0 \u00a0 \u00a0 \u00a0 \u00a0 \u00a0 \u00a0 \u00a0 \u00a0 \u00a0 \u00a0 \u00a0 \u00a0 \u00a0 \u00a0 \u00a0 \u00a0 \u00a0 \u00a0 \u00a0 \u00a0 <a href=\"http:\/\/winkle.pl\/?konkursy=yarky\">\u00a0Zerkacz \u2013 Projekt domku letniskowego Yarky, St.Petersburg, Rosja<\/a>\u00a0 \u00a0 \u00a0 \u00a0 \u00a0 \u00a0 \u00a0 \u00a0 \u00a0 \u00a0 \u00a0 \u00a0 \u00a0 \u00a0 \u00a0wyr\u00f3\u017cnienie<\/p>\n<\/div>\n\t\t<\/div><\/div><\/div><\/div><\/div><\/div>","protected":false},"excerpt":{"rendered":"<p>Jeste\u015bmy zespo\u0142em architekt\u00f3w, z pasj\u0105 do nieszablonowych projekt\u00f3w architektury, wn\u0119trz oraz produkt\u00f3w. Jeste\u015bmy w stanie przeku\u0107 nawet najbardziej \u015bmia\u0142e wizje&nbsp;[&hellip;]<\/p>\n","protected":false},"author":1,"featured_media":0,"parent":0,"menu_order":4,"comment_status":"open","ping_status":"closed","template":"page-templates\/template_page-builder.php","meta":{"jetpack_post_was_ever_published":false,"footnotes":""},"jetpack_sharing_enabled":false,"jetpack_shortlink":"https:\/\/wp.me\/P9vL7T-2","_links":{"self":[{"href":"http:\/\/winkle.pl\/index.php?rest_route=\/wp\/v2\/pages\/2"}],"collection":[{"href":"http:\/\/winkle.pl\/index.php?rest_route=\/wp\/v2\/pages"}],"about":[{"href":"http:\/\/winkle.pl\/index.php?rest_route=\/wp\/v2\/types\/page"}],"author":[{"embeddable":true,"href":"http:\/\/winkle.pl\/index.php?rest_route=\/wp\/v2\/users\/1"}],"replies":[{"embeddable":true,"href":"http:\/\/winkle.pl\/index.php?rest_route=%2Fwp%2Fv2%2Fcomments&post=2"}],"version-history":[{"count":91,"href":"http:\/\/winkle.pl\/index.php?rest_route=\/wp\/v2\/pages\/2\/revisions"}],"predecessor-version":[{"id":1533,"href":"http:\/\/winkle.pl\/index.php?rest_route=\/wp\/v2\/pages\/2\/revisions\/1533"}],"wp:attachment":[{"href":"http:\/\/winkle.pl\/index.php?rest_route=%2Fwp%2Fv2%2Fmedia&parent=2"}],"curies":[{"name":"wp","href":"https:\/\/api.w.org\/{rel}","templated":true}]}}