{"id":192,"date":"2017-11-08T07:59:21","date_gmt":"2017-11-08T07:59:21","guid":{"rendered":"http:\/\/demo.athemes.com\/talon\/?page_id=6"},"modified":"2018-01-10T11:34:17","modified_gmt":"2018-01-10T11:34:17","slug":"strona-glowna","status":"publish","type":"page","link":"http:\/\/winkle.pl\/","title":{"rendered":"Strona g\u0142\u00f3wna"},"content":{"rendered":"<div id=\"pl-192\"  class=\"panel-layout\" ><div id=\"pg-192-0\"  class=\"panel-grid panel-has-style\" ><div style=\"padding-top: 100px; padding-bottom: 100px; \" data-mobile-padding=\"50px\" data-overlay-color=\"#000000\" class=\"panel-row-style panel-row-style-for-192-0\" ><div id=\"pgc-192-0-0\"  class=\"panel-grid-cell\" ><div id=\"panel-192-0-0-0\" class=\"so-panel widget widget_ink-folio panel-first-child\" data-index=\"0\" ><div style=\"text-align: left;\" data-title-color=\"#2d3142\" data-headings-color=\"#2d3142\" class=\"panel-widget-style panel-widget-style-for-192-0-0-0\" ><div\n\t\t\t\n\t\t\tclass=\"so-widget-ink-folio so-widget-ink-folio-folio-default-eb51cbfaa421-192\"\n\t\t\t\n\t\t><h3 class=\"widget-title\">Wybrane projekty<\/h3>\n\n\t<div class=\"iw-so-folio-terms-container\">\n\t\t<ul class=\"iw-so-folio-terms\">\n\t\t\t<li><a class=\"folio-1-term\" data-filter=\"all\" title=\"wszystkie\">Wszystkie<\/a><\/li><li><a class=\"folio-1-term\" data-filter=\".budynki\" title=\"budynki\">Budynki<\/a><\/li><li><a class=\"folio-1-term\" data-filter=\".projekty-eksperymentalne\" title=\"projekty-eksperymentalne\">Projekty eksperymentalne<\/a><\/li><li><a class=\"folio-1-term\" data-filter=\".przestrzenie-publiczne\" title=\"przestrzenie-publiczne\">Przestrzenie publiczne<\/a><\/li><li><a class=\"folio-1-term\" data-filter=\".wnetrza\" title=\"wnetrza\">Wn\u0119trza<\/a><\/li>\t\t<\/ul>\n\t<\/div>\n\n\n\n\n\t<div  id=\"folio-1-container\" class=\"iw-so-folio-grid iw-so-folio-default\">\n\n\t\t\n\t\t\t\t\n\t\t\t\t<div class=\"mix iw-so-project-container przestrzenie-publiczne wnetrza\">\n\t\t\t\t\t<article class=\"iw-so-project-article\">\n\n\t\t\t\t\t\t\t\t\t\t\t\t\t<div class=\"iw-so-project-image\">\n\t\t\t\t\t\t\t\t<a href=\"http:\/\/winkle.pl\/?portfolio=dom-kultury-inspiro\">\n\t\t\t\t\t\t\t\t\t<img loading=\"lazy\" decoding=\"async\" width=\"280\" height=\"280\" src=\"http:\/\/winkle.pl\/wp-content\/uploads\/2018\/01\/inspiro-logo-winkle.jpg\" class=\"attachment-folio size-folio wp-post-image\" alt=\"\" srcset=\"http:\/\/winkle.pl\/wp-content\/uploads\/2018\/01\/inspiro-logo-winkle.jpg 280w, http:\/\/winkle.pl\/wp-content\/uploads\/2018\/01\/inspiro-logo-winkle-150x150.jpg 150w, http:\/\/winkle.pl\/wp-content\/uploads\/2018\/01\/inspiro-logo-winkle-200x200.jpg 200w, http:\/\/winkle.pl\/wp-content\/uploads\/2018\/01\/inspiro-logo-winkle-50x50.jpg 50w\" sizes=\"(max-width: 280px) 100vw, 280px\" \/>\t\t\t\t\t\t\t\t\t\t\t\t\t\t\t\t\t<\/a>\n\t\t\t\t\t\t\t<\/div>\n\t\t\t\t\t\t\n\t\t\t\t\t\t\n\t\t\t\t\t\t<h3 class=\"iw-so-project-title iw-text-center\"><a href=\"http:\/\/winkle.pl\/?portfolio=dom-kultury-inspiro\">Dom Kultury INSPIRO<\/a><\/h3>\n\t\t\t\t\t\t<p class=\"iw-so-project-type iw-text-center\">przestrzenie-publiczne, wnetrza<\/p>\n\n\t\t\t\t\t\t\n\t\t\t\t\t<\/article>\n\t\t\t\t<\/div>\n\n\t\t\t\t\n\t\t\n\t\t\t\t\n\t\t\t\t<div class=\"mix iw-so-project-container budynki przestrzenie-publiczne\">\n\t\t\t\t\t<article class=\"iw-so-project-article\">\n\n\t\t\t\t\t\t\t\t\t\t\t\t\t<div class=\"iw-so-project-image\">\n\t\t\t\t\t\t\t\t<a href=\"http:\/\/winkle.pl\/?portfolio=centrum-bochenska-w-niepolomicach\">\n\t\t\t\t\t\t\t\t\t<img loading=\"lazy\" decoding=\"async\" width=\"280\" height=\"280\" src=\"http:\/\/winkle.pl\/wp-content\/uploads\/2018\/01\/centrum-bochenska-logo-winkle.jpg\" class=\"attachment-folio size-folio wp-post-image\" alt=\"\" srcset=\"http:\/\/winkle.pl\/wp-content\/uploads\/2018\/01\/centrum-bochenska-logo-winkle.jpg 280w, http:\/\/winkle.pl\/wp-content\/uploads\/2018\/01\/centrum-bochenska-logo-winkle-150x150.jpg 150w, http:\/\/winkle.pl\/wp-content\/uploads\/2018\/01\/centrum-bochenska-logo-winkle-200x200.jpg 200w, http:\/\/winkle.pl\/wp-content\/uploads\/2018\/01\/centrum-bochenska-logo-winkle-50x50.jpg 50w\" sizes=\"(max-width: 280px) 100vw, 280px\" \/>\t\t\t\t\t\t\t\t\t\t\t\t\t\t\t\t\t<\/a>\n\t\t\t\t\t\t\t<\/div>\n\t\t\t\t\t\t\n\t\t\t\t\t\t\n\t\t\t\t\t\t<h3 class=\"iw-so-project-title iw-text-center\"><a href=\"http:\/\/winkle.pl\/?portfolio=centrum-bochenska-w-niepolomicach\">Centrum Boche\u0144ska<\/a><\/h3>\n\t\t\t\t\t\t<p class=\"iw-so-project-type iw-text-center\">budynki, przestrzenie-publiczne<\/p>\n\n\t\t\t\t\t\t\n\t\t\t\t\t<\/article>\n\t\t\t\t<\/div>\n\n\t\t\t\t\n\t\t\n\t\t\t\t\n\t\t\t\t<div class=\"mix iw-so-project-container przestrzenie-publiczne wnetrza\">\n\t\t\t\t\t<article class=\"iw-so-project-article\">\n\n\t\t\t\t\t\t\t\t\t\t\t\t\t<div class=\"iw-so-project-image\">\n\t\t\t\t\t\t\t\t<a href=\"http:\/\/winkle.pl\/?portfolio=biblioteka-w-niepolomicach\">\n\t\t\t\t\t\t\t\t\t<img loading=\"lazy\" decoding=\"async\" width=\"280\" height=\"280\" src=\"http:\/\/winkle.pl\/wp-content\/uploads\/2018\/01\/biblioteka_niepo\u0142omice-logo-winkle.jpg\" class=\"attachment-folio size-folio wp-post-image\" alt=\"\" srcset=\"http:\/\/winkle.pl\/wp-content\/uploads\/2018\/01\/biblioteka_niepo\u0142omice-logo-winkle.jpg 280w, http:\/\/winkle.pl\/wp-content\/uploads\/2018\/01\/biblioteka_niepo\u0142omice-logo-winkle-150x150.jpg 150w, http:\/\/winkle.pl\/wp-content\/uploads\/2018\/01\/biblioteka_niepo\u0142omice-logo-winkle-200x200.jpg 200w, http:\/\/winkle.pl\/wp-content\/uploads\/2018\/01\/biblioteka_niepo\u0142omice-logo-winkle-50x50.jpg 50w\" sizes=\"(max-width: 280px) 100vw, 280px\" \/>\t\t\t\t\t\t\t\t\t\t\t\t\t\t\t\t\t<\/a>\n\t\t\t\t\t\t\t<\/div>\n\t\t\t\t\t\t\n\t\t\t\t\t\t\n\t\t\t\t\t\t<h3 class=\"iw-so-project-title iw-text-center\"><a href=\"http:\/\/winkle.pl\/?portfolio=biblioteka-w-niepolomicach\">Biblioteka w Niepo\u0142omicach<\/a><\/h3>\n\t\t\t\t\t\t<p class=\"iw-so-project-type iw-text-center\">przestrzenie-publiczne, wnetrza<\/p>\n\n\t\t\t\t\t\t\n\t\t\t\t\t<\/article>\n\t\t\t\t<\/div>\n\n\t\t\t\t\n\t\t\n\t\t\t\t\n\t\t\t\t<div class=\"mix iw-so-project-container projekty-eksperymentalne wnetrza\">\n\t\t\t\t\t<article class=\"iw-so-project-article\">\n\n\t\t\t\t\t\t\t\t\t\t\t\t\t<div class=\"iw-so-project-image\">\n\t\t\t\t\t\t\t\t<a href=\"http:\/\/winkle.pl\/?portfolio=siedziba-kitchenaid-polska\">\n\t\t\t\t\t\t\t\t\t<img loading=\"lazy\" decoding=\"async\" width=\"280\" height=\"280\" src=\"http:\/\/winkle.pl\/wp-content\/uploads\/2018\/01\/kitchen-aid-logo-winkle.jpg\" class=\"attachment-folio size-folio wp-post-image\" alt=\"\" srcset=\"http:\/\/winkle.pl\/wp-content\/uploads\/2018\/01\/kitchen-aid-logo-winkle.jpg 280w, http:\/\/winkle.pl\/wp-content\/uploads\/2018\/01\/kitchen-aid-logo-winkle-150x150.jpg 150w, http:\/\/winkle.pl\/wp-content\/uploads\/2018\/01\/kitchen-aid-logo-winkle-200x200.jpg 200w, http:\/\/winkle.pl\/wp-content\/uploads\/2018\/01\/kitchen-aid-logo-winkle-50x50.jpg 50w\" sizes=\"(max-width: 280px) 100vw, 280px\" \/>\t\t\t\t\t\t\t\t\t\t\t\t\t\t\t\t\t<\/a>\n\t\t\t\t\t\t\t<\/div>\n\t\t\t\t\t\t\n\t\t\t\t\t\t\n\t\t\t\t\t\t<h3 class=\"iw-so-project-title iw-text-center\"><a href=\"http:\/\/winkle.pl\/?portfolio=siedziba-kitchenaid-polska\">Siedziba KitchenAid Polska<\/a><\/h3>\n\t\t\t\t\t\t<p class=\"iw-so-project-type iw-text-center\">projekty-eksperymentalne, wnetrza<\/p>\n\n\t\t\t\t\t\t\n\t\t\t\t\t<\/article>\n\t\t\t\t<\/div>\n\n\t\t\t\t\n\t\t\n\t\t\t\t\n\t\t\t\t<div class=\"mix iw-so-project-container projekty-eksperymentalne przestrzenie-publiczne\">\n\t\t\t\t\t<article class=\"iw-so-project-article\">\n\n\t\t\t\t\t\t\t\t\t\t\t\t\t<div class=\"iw-so-project-image\">\n\t\t\t\t\t\t\t\t<a href=\"http:\/\/winkle.pl\/?portfolio=labelexpo-europe-2017\">\n\t\t\t\t\t\t\t\t\t<img loading=\"lazy\" decoding=\"async\" width=\"280\" height=\"280\" src=\"http:\/\/winkle.pl\/wp-content\/uploads\/2018\/01\/labelexpo-logo-winkle.jpg\" class=\"attachment-folio size-folio wp-post-image\" alt=\"\" srcset=\"http:\/\/winkle.pl\/wp-content\/uploads\/2018\/01\/labelexpo-logo-winkle.jpg 280w, http:\/\/winkle.pl\/wp-content\/uploads\/2018\/01\/labelexpo-logo-winkle-150x150.jpg 150w, http:\/\/winkle.pl\/wp-content\/uploads\/2018\/01\/labelexpo-logo-winkle-200x200.jpg 200w, http:\/\/winkle.pl\/wp-content\/uploads\/2018\/01\/labelexpo-logo-winkle-50x50.jpg 50w\" sizes=\"(max-width: 280px) 100vw, 280px\" \/>\t\t\t\t\t\t\t\t\t\t\t\t\t\t\t\t\t<\/a>\n\t\t\t\t\t\t\t<\/div>\n\t\t\t\t\t\t\n\t\t\t\t\t\t\n\t\t\t\t\t\t<h3 class=\"iw-so-project-title iw-text-center\"><a href=\"http:\/\/winkle.pl\/?portfolio=labelexpo-europe-2017\">LabelExpo Europe 2017<\/a><\/h3>\n\t\t\t\t\t\t<p class=\"iw-so-project-type iw-text-center\">projekty-eksperymentalne, przestrzenie-publiczne<\/p>\n\n\t\t\t\t\t\t\n\t\t\t\t\t<\/article>\n\t\t\t\t<\/div>\n\n\t\t\t\t\n\t\t\n\t\t\t\t\n\t\t\t\t<div class=\"mix iw-so-project-container przestrzenie-publiczne\">\n\t\t\t\t\t<article class=\"iw-so-project-article\">\n\n\t\t\t\t\t\t\t\t\t\t\t\t\t<div class=\"iw-so-project-image\">\n\t\t\t\t\t\t\t\t<a href=\"http:\/\/winkle.pl\/?portfolio=parkride-w-gminie-niepolomice\">\n\t\t\t\t\t\t\t\t\t<img loading=\"lazy\" decoding=\"async\" width=\"280\" height=\"280\" src=\"http:\/\/winkle.pl\/wp-content\/uploads\/2018\/01\/park-and-ride-logo-winkle.jpg\" class=\"attachment-folio size-folio wp-post-image\" alt=\"\" srcset=\"http:\/\/winkle.pl\/wp-content\/uploads\/2018\/01\/park-and-ride-logo-winkle.jpg 280w, http:\/\/winkle.pl\/wp-content\/uploads\/2018\/01\/park-and-ride-logo-winkle-150x150.jpg 150w, http:\/\/winkle.pl\/wp-content\/uploads\/2018\/01\/park-and-ride-logo-winkle-200x200.jpg 200w, http:\/\/winkle.pl\/wp-content\/uploads\/2018\/01\/park-and-ride-logo-winkle-50x50.jpg 50w\" sizes=\"(max-width: 280px) 100vw, 280px\" \/>\t\t\t\t\t\t\t\t\t\t\t\t\t\t\t\t\t<\/a>\n\t\t\t\t\t\t\t<\/div>\n\t\t\t\t\t\t\n\t\t\t\t\t\t\n\t\t\t\t\t\t<h3 class=\"iw-so-project-title iw-text-center\"><a href=\"http:\/\/winkle.pl\/?portfolio=parkride-w-gminie-niepolomice\">Sie\u0107 stacji Park&#038;Ride<\/a><\/h3>\n\t\t\t\t\t\t<p class=\"iw-so-project-type iw-text-center\">przestrzenie-publiczne<\/p>\n\n\t\t\t\t\t\t\n\t\t\t\t\t<\/article>\n\t\t\t\t<\/div>\n\n\t\t\t\t\n\t\t\n\t\t\t\t\n\t\t\t\t<div class=\"mix iw-so-project-container przestrzenie-publiczne\">\n\t\t\t\t\t<article class=\"iw-so-project-article\">\n\n\t\t\t\t\t\t\t\t\t\t\t\t\t<div class=\"iw-so-project-image\">\n\t\t\t\t\t\t\t\t<a href=\"http:\/\/winkle.pl\/?portfolio=przebudowa-ulicy-kolejowej-w-podlezu-na-woonerf\">\n\t\t\t\t\t\t\t\t\t<img loading=\"lazy\" decoding=\"async\" width=\"280\" height=\"280\" src=\"http:\/\/winkle.pl\/wp-content\/uploads\/2018\/01\/woonerf-logo-winkle.jpg\" class=\"attachment-folio size-folio wp-post-image\" alt=\"\" srcset=\"http:\/\/winkle.pl\/wp-content\/uploads\/2018\/01\/woonerf-logo-winkle.jpg 280w, http:\/\/winkle.pl\/wp-content\/uploads\/2018\/01\/woonerf-logo-winkle-150x150.jpg 150w, http:\/\/winkle.pl\/wp-content\/uploads\/2018\/01\/woonerf-logo-winkle-200x200.jpg 200w, http:\/\/winkle.pl\/wp-content\/uploads\/2018\/01\/woonerf-logo-winkle-50x50.jpg 50w\" sizes=\"(max-width: 280px) 100vw, 280px\" \/>\t\t\t\t\t\t\t\t\t\t\t\t\t\t\t\t\t<\/a>\n\t\t\t\t\t\t\t<\/div>\n\t\t\t\t\t\t\n\t\t\t\t\t\t\n\t\t\t\t\t\t<h3 class=\"iw-so-project-title iw-text-center\"><a href=\"http:\/\/winkle.pl\/?portfolio=przebudowa-ulicy-kolejowej-w-podlezu-na-woonerf\">Woonerf ul. Kolejowa<\/a><\/h3>\n\t\t\t\t\t\t<p class=\"iw-so-project-type iw-text-center\">przestrzenie-publiczne<\/p>\n\n\t\t\t\t\t\t\n\t\t\t\t\t<\/article>\n\t\t\t\t<\/div>\n\n\t\t\t\t\n\t\t\n\t\t\t\t\n\t\t\t\t<div class=\"mix iw-so-project-container przestrzenie-publiczne wnetrza\">\n\t\t\t\t\t<article class=\"iw-so-project-article\">\n\n\t\t\t\t\t\t\t\t\t\t\t\t\t<div class=\"iw-so-project-image\">\n\t\t\t\t\t\t\t\t<a href=\"http:\/\/winkle.pl\/?portfolio=stacja-podleze\">\n\t\t\t\t\t\t\t\t\t<img loading=\"lazy\" decoding=\"async\" width=\"280\" height=\"280\" src=\"http:\/\/winkle.pl\/wp-content\/uploads\/2018\/01\/stacja-podleze-logo-winkle.jpg\" class=\"attachment-folio size-folio wp-post-image\" alt=\"\" srcset=\"http:\/\/winkle.pl\/wp-content\/uploads\/2018\/01\/stacja-podleze-logo-winkle.jpg 280w, http:\/\/winkle.pl\/wp-content\/uploads\/2018\/01\/stacja-podleze-logo-winkle-150x150.jpg 150w, http:\/\/winkle.pl\/wp-content\/uploads\/2018\/01\/stacja-podleze-logo-winkle-200x200.jpg 200w, http:\/\/winkle.pl\/wp-content\/uploads\/2018\/01\/stacja-podleze-logo-winkle-50x50.jpg 50w\" sizes=\"(max-width: 280px) 100vw, 280px\" \/>\t\t\t\t\t\t\t\t\t\t\t\t\t\t\t\t\t<\/a>\n\t\t\t\t\t\t\t<\/div>\n\t\t\t\t\t\t\n\t\t\t\t\t\t\n\t\t\t\t\t\t<h3 class=\"iw-so-project-title iw-text-center\"><a href=\"http:\/\/winkle.pl\/?portfolio=stacja-podleze\">Stacja Pod\u0142\u0119\u017ce<\/a><\/h3>\n\t\t\t\t\t\t<p class=\"iw-so-project-type iw-text-center\">przestrzenie-publiczne, wnetrza<\/p>\n\n\t\t\t\t\t\t\n\t\t\t\t\t<\/article>\n\t\t\t\t<\/div>\n\n\t\t\t\t\n\t\t\n\t<\/div>\n\n\n<script type=\"text\/javascript\">\n( function($) {\n\n\t$(document).ready( function() {\n\n\t\t$( '#folio-1-container' ).mixItUp({\n\t\t\tselectors: {\n\t\t\t\tfilter: '.folio-1-term'\n\t\t\t},\n\t\t\tload: {\n\t\t\t\tfilter: 'all'\n\t\t\t}\n\t\t});\n\n\t});\n\n})( jQuery );\n<\/script>\n<\/div><\/div><\/div><div id=\"panel-192-0-0-1\" class=\"so-panel widget widget_ink-buttons panel-last-child\" data-index=\"1\" ><div style=\"text-align: left;\" data-title-color=\"#2d3142\" data-headings-color=\"#2d3142\" class=\"panel-widget-style panel-widget-style-for-192-0-0-1\" ><div\n\t\t\t\n\t\t\tclass=\"so-widget-ink-buttons so-widget-ink-buttons-buttons-712463cfb2c0-527\"\n\t\t\t\n\t\t>\n<div class=\"iw-so-button-base\">\n\n\t<a class=\"iw-so-button iw-so-button-hover iw-so-button-click\" href=\"http:\/\/winkle.pl\/?page_id=443\" >\n\t\t\t\tZobacz wszystkie projekty\t<\/a>\n\n<\/div>\n<\/div><\/div><\/div><\/div><\/div><\/div><div id=\"pg-192-1\"  class=\"panel-grid panel-has-style\" ><div class=\"siteorigin-panels-stretch panel-row-style panel-row-style-for-192-1\" style=\"padding-top: 100px; padding-bottom: 100px; \" id=\"services\" data-stretch-type=\"full\" data-mobile-padding=\"50px\" data-overlay-color=\"#000000\" ><div id=\"pgc-192-1-0\"  class=\"panel-grid-cell\" ><div id=\"panel-192-1-0-0\" class=\"so-panel widget widget_athemes_services athemes_services_widget panel-first-child panel-last-child\" data-index=\"2\" ><div style=\"text-align: left;\" data-title-color=\"#2d3142\" data-headings-color=\"#2d3142\" class=\"panel-widget-style panel-widget-style-for-192-1-0-0\" >\t\t\t<h3 class=\"widget-title\">Co mo\u017cemy zrobi\u0107 dla Ciebie?<\/h3>\r\n\t\t\t<div class=\"services-section two-cols\">\r\n\r\n\t\t\t\t\t\t\t\t\t\t\t\t\t\t\r\n\t\t\t\t\t<div class=\"services-item\">\r\n\t\t\t\t\t\t\t\t\t\r\n\t\t\t\t\t\t<div class=\"services-icon\">\r\n\t\t\t\t\t\t\t\t\t\t\t\t\t\t\t<i class=\"icon-circle-compass\"><\/i>\t\t\t\t\t\t\t\t\t\t\t\t\t<\/div>\r\n\t\t\t\t\t\t\t\t\t\t\t\t<div class=\"service-name\">\r\n\t\t\t\t\t\t\t<h3>ARCHITEKTURA I PROJEKTOWANIE WN\u0118TRZ<\/h3>\r\n\t\t\t\t\t\t<\/div>\r\n\t\t\t\t\t\t<div class=\"service-text general-text\">\r\n\t\t\t\t\t\t\t<p>Wi\u0119cej informacji wkr\u00f3tce!<\/p>\r\n\t\t\t\t\t\t<\/div>\r\n\t\t\t\t\t\t\t\r\n\t\t\t\t\t<\/div>\r\n\t\t\t\t\t\t\t\t\t\t\t\t\t\t\r\n\t\t\t\t\t<div class=\"services-item\">\r\n\t\t\t\t\t\t\t\t\t\r\n\t\t\t\t\t\t<div class=\"services-icon\">\r\n\t\t\t\t\t\t\t\t\t\t\t\t\t\t\t<i class=\"icon-chat\"><\/i>\t\t\t\t\t\t\t\t\t\t\t\t\t<\/div>\r\n\t\t\t\t\t\t\t\t\t\t\t\t<div class=\"service-name\">\r\n\t\t\t\t\t\t\t<h3>PROJEKTY PUBLICZNE PO\u0141\u0104CZONE Z PROCESEM KONSULTACJI SPO\u0141ECZNYCH<\/h3>\r\n\t\t\t\t\t\t<\/div>\r\n\t\t\t\t\t\t<div class=\"service-text general-text\">\r\n\t\t\t\t\t\t\t<p>Wi\u0119cej informacji wkr\u00f3tce!<\/p>\r\n\t\t\t\t\t\t<\/div>\r\n\t\t\t\t\t\t\t\r\n\t\t\t\t\t<\/div>\r\n\t\t\t\t\t\t\t\t\t\t\t\t\t\t\r\n\t\t\t\t\t<div class=\"services-item\">\r\n\t\t\t\t\t\t\t\t\t\r\n\t\t\t\t\t\t<div class=\"services-icon\">\r\n\t\t\t\t\t\t\t\t\t\t\t\t\t\t\t<i class=\"icon-genius\"><\/i>\t\t\t\t\t\t\t\t\t\t\t\t\t<\/div>\r\n\t\t\t\t\t\t\t\t\t\t\t\t<div class=\"service-name\">\r\n\t\t\t\t\t\t\t<h3>INSTALACJE PRZESTRZENNE DOSTOSOWANE DO LOKALIZACJI<\/h3>\r\n\t\t\t\t\t\t<\/div>\r\n\t\t\t\t\t\t<div class=\"service-text general-text\">\r\n\t\t\t\t\t\t\t<p>Wi\u0119cej informacji wkr\u00f3tce!<\/p>\r\n\t\t\t\t\t\t<\/div>\r\n\t\t\t\t\t\t\t\r\n\t\t\t\t\t<\/div>\r\n\t\t\t\t\t\t\t\t\t\t\t\t\t\t\r\n\t\t\t\t\t<div class=\"services-item\">\r\n\t\t\t\t\t\t\t\t\t\r\n\t\t\t\t\t\t<div class=\"services-icon\">\r\n\t\t\t\t\t\t\t\t\t\t\t\t\t\t\t<i class=\"icon-tools\"><\/i>\t\t\t\t\t\t\t\t\t\t\t\t\t<\/div>\r\n\t\t\t\t\t\t\t\t\t\t\t\t<div class=\"service-name\">\r\n\t\t\t\t\t\t\t<h3>STOISKA TARGOWE I EKSPOZYCYJNE<\/h3>\r\n\t\t\t\t\t\t<\/div>\r\n\t\t\t\t\t\t<div class=\"service-text general-text\">\r\n\t\t\t\t\t\t\t<p>Wi\u0119cej informacji wkr\u00f3tce!<\/p>\r\n\t\t\t\t\t\t<\/div>\r\n\t\t\t\t\t\t\t\r\n\t\t\t\t\t<\/div>\r\n\t\t\t\t\r\n\t\t\t\t\t\r\n\r\n\t\t\t<\/div>\t\t\t\r\n\t<\/div><\/div><\/div><\/div><\/div><div id=\"pg-192-2\"  class=\"panel-grid panel-has-style\" ><div style=\"padding-top: 100px; padding-bottom: 100px; \" id=\"about\" data-mobile-padding=\"100px\" data-overlay-color=\"#000000\" class=\"panel-row-style panel-row-style-for-192-2\" ><div id=\"pgc-192-2-0\"  class=\"panel-grid-cell\" ><div id=\"panel-192-2-0-0\" class=\"so-panel widget widget_text panel-first-child\" data-index=\"3\" ><div style=\"text-align: left;\" data-title-color=\"#2d3142\" data-headings-color=\"#2d3142\" class=\"panel-widget-style panel-widget-style-for-192-2-0-0\" >\t\t\t<div class=\"textwidget\"><h3>KIM JESTE\u015aMY?<\/h3>\n<p>\nJeste\u015bmy zespo\u0142em architekt\u00f3w, z pasj\u0105 do nieszablonowych projekt\u00f3w architektury, wn\u0119trz oraz produkt\u00f3w. Jeste\u015bmy w stanie przeku\u0107 nawet najbardziej \u015bmia\u0142e wizje i marzenia klienta w namacalne i trwa\u0142e rozwi\u0105zania. <br>\nUwa\u017camy, \u017ce w ka\u017cdej przestrzeni drzemie potencja\u0142 do stania si\u0119 wyj\u0105tkowym miejscem przynosz\u0105cym ka\u017cdego dnia rado\u015b\u0107 jej u\u017cytkownikom. <br>\n\n Zastanawiasz si\u0119 czy mo\u017cemy stworzy\u0107 dla Ciebie co\u015b wyj\u0105tkowego? Zapraszamy do zapoznania si\u0119 z nasz\u0105 ofert\u0105 oraz do kontaktu!\n<br>\n\n.<\/p>\n<p><\/p>\n<\/div>\n\t\t<\/div><\/div><div id=\"panel-192-2-0-1\" class=\"so-panel widget widget_athemes_button athemes_button_widget panel-last-child\" data-index=\"4\" ><div style=\"text-align: left;\" data-title-color=\"#2d3142\" data-headings-color=\"#2d3142\" class=\"panel-widget-style panel-widget-style-for-192-2-0-1\" >        <div class=\"button-wrapper\" style=\"text-align:left;\">\r\n\t\t\t<a target=\"_blank\" href=\"http:\/\/winkle.pl\/?page_id=1362\" class=\"button\">OFERTA<\/a>\r\n\t\t\t\t\t\t<a target=\"_blank\" href=\"http:\/\/winkle.pl\/?page_id=6\" class=\"button white-btn\">KONTAKT<\/a>\r\n\t\t\t        <\/div>\r\n\t\t<\/div><\/div><\/div><div id=\"pgc-192-2-1\"  class=\"panel-grid-cell\" ><div id=\"panel-192-2-1-0\" class=\"so-panel widget widget_athemes_image athemes_image_widget panel-first-child panel-last-child\" data-index=\"5\" ><div style=\"text-align: left;\" data-title-color=\"#2d3142\" data-headings-color=\"#2d3142\" class=\"panel-widget-style panel-widget-style-for-192-2-1-0\" >        <div class=\"image-widget\">\r\n\t\t\t\t\t\t\t<img decoding=\"async\" src=\"http:\/\/winkle.pl\/wp-content\/uploads\/2018\/01\/gaj-inspiracji-inspir-smallo.jpg\"\/>\r\n\t\t\t        <\/div>\r\n\t\t<\/div><\/div><\/div><\/div><\/div><div id=\"pg-192-3\"  class=\"panel-grid panel-has-style\" ><div style=\"padding-top: 100px; padding-bottom: 100px; \" data-mobile-padding=\"50px\" class=\"panel-row-style panel-row-style-for-192-3\" ><div id=\"pgc-192-3-0\"  class=\"panel-grid-cell\" ><div id=\"panel-192-3-0-0\" class=\"so-panel widget widget_athemes_clients athemes_clients_widget panel-first-child panel-last-child\" data-index=\"6\" ><div style=\"text-align: left;\" data-title-color=\"#2d3142\" data-headings-color=\"#2d3142\" class=\"panel-widget-style panel-widget-style-for-192-3-0-0\" >\t\t<div class=\"featured-section clearfix\">\r\n\r\n\t\t\t<div class=\"features-title-item\"><h3 class=\"widget-title\">Nasi klienci<\/h3><\/div>\t\t\t\t\r\n\t\t\t\t\t\t\t\t\t\t\t\t\r\n\t\t\t\t\t\t\t\t<div class=\"featured-item\">\r\n\t\t\t\t\t<div class=\"featured-img\">\r\n\t\t\t\t\t\t\t\t\t\t\t<img loading=\"lazy\" decoding=\"async\" width=\"200\" height=\"100\" src=\"http:\/\/winkle.pl\/wp-content\/uploads\/2016\/09\/kitchenaid-logo-200x100.jpg\" class=\"attachment-talon-home-small size-talon-home-small wp-post-image\" alt=\"\" \/>\t\t\t\t\t\t\t\t\t\t<\/div>\r\n\t\t\t\t\t<div class=\"featured-text\">\r\n\t\t\t\t\t\t<h5><\/h5>\r\n\t\t\t\t\t<\/div>\r\n\t\t\t\t<\/div>\r\n\t\t\t\t\r\n\t\t\t\t\t\t\t\t\t\t\t\t\r\n\t\t\t\t\t\t\t\t<div class=\"featured-item\">\r\n\t\t\t\t\t<div class=\"featured-img\">\r\n\t\t\t\t\t\t\t\t\t\t\t<a target=\"_self\" href=\"http:\/\/lesko-ing.com.pl\/\"><img loading=\"lazy\" decoding=\"async\" width=\"200\" height=\"38\" src=\"http:\/\/winkle.pl\/wp-content\/uploads\/2016\/09\/logo_duze-200x38.jpg\" class=\"attachment-talon-home-small size-talon-home-small wp-post-image\" alt=\"\" \/><\/a>\r\n\t\t\t\t\t\t\t\t\t\t<\/div>\r\n\t\t\t\t\t<div class=\"featured-text\">\r\n\t\t\t\t\t\t<h5><\/h5>\r\n\t\t\t\t\t<\/div>\r\n\t\t\t\t<\/div>\r\n\t\t\t\t\r\n\t\t\t\t\t\t\t\t\t\t\t\t\r\n\t\t\t\t\t\t\t\t<div class=\"featured-item\">\r\n\t\t\t\t\t<div class=\"featured-img\">\r\n\t\t\t\t\t\t\t\t\t\t\t<img loading=\"lazy\" decoding=\"async\" width=\"200\" height=\"38\" src=\"http:\/\/winkle.pl\/wp-content\/uploads\/2016\/09\/rietstack-logo-groot-1-300x97-200x38.jpg\" class=\"attachment-talon-home-small size-talon-home-small wp-post-image\" alt=\"\" \/>\t\t\t\t\t\t\t\t\t\t<\/div>\r\n\t\t\t\t\t<div class=\"featured-text\">\r\n\t\t\t\t\t\t<h5><\/h5>\r\n\t\t\t\t\t<\/div>\r\n\t\t\t\t<\/div>\r\n\t\t\t\t\r\n\t\t\t\t\t\t\t\t\t\t\t\t\r\n\t\t\t\t\t\t\t\t<div class=\"featured-item\">\r\n\t\t\t\t\t<div class=\"featured-img\">\r\n\t\t\t\t\t\t\t\t\t\t\t<img loading=\"lazy\" decoding=\"async\" width=\"200\" height=\"89\" src=\"http:\/\/winkle.pl\/wp-content\/uploads\/2016\/09\/LAS-200x89.png\" class=\"attachment-talon-home-small size-talon-home-small wp-post-image\" alt=\"\" \/>\t\t\t\t\t\t\t\t\t\t<\/div>\r\n\t\t\t\t\t<div class=\"featured-text\">\r\n\t\t\t\t\t\t<h5><\/h5>\r\n\t\t\t\t\t<\/div>\r\n\t\t\t\t<\/div>\r\n\t\t\t\t\r\n\t\t\t\t\t\t\t\t\t\t\t\t\r\n\t\t\t\t\t\t\t\t<div class=\"featured-item\">\r\n\t\t\t\t\t<div class=\"featured-img\">\r\n\t\t\t\t\t\t\t\t\t\t\t<img loading=\"lazy\" decoding=\"async\" width=\"200\" height=\"144\" src=\"http:\/\/winkle.pl\/wp-content\/uploads\/2016\/09\/logo_niepolomice_lift-200x144.jpg\" class=\"attachment-talon-home-small size-talon-home-small wp-post-image\" alt=\"\" \/>\t\t\t\t\t\t\t\t\t\t<\/div>\r\n\t\t\t\t\t<div class=\"featured-text\">\r\n\t\t\t\t\t\t<h5><\/h5>\r\n\t\t\t\t\t<\/div>\r\n\t\t\t\t<\/div>\r\n\t\t\t\t\r\n\t\t\t\t\t\t\t\t\t\t\t\t\r\n\t\t\t\t\t\t\t\t<div class=\"featured-item\">\r\n\t\t\t\t\t<div class=\"featured-img\">\r\n\t\t\t\t\t\t\t\t\t\t\t<img loading=\"lazy\" decoding=\"async\" width=\"200\" height=\"108\" src=\"http:\/\/winkle.pl\/wp-content\/uploads\/2016\/09\/logo-tr-200x108.jpg\" class=\"attachment-talon-home-small size-talon-home-small wp-post-image\" alt=\"\" \/>\t\t\t\t\t\t\t\t\t\t<\/div>\r\n\t\t\t\t\t<div class=\"featured-text\">\r\n\t\t\t\t\t\t<h5><\/h5>\r\n\t\t\t\t\t<\/div>\r\n\t\t\t\t<\/div>\r\n\t\t\t\t\r\n\t\t\t\t\t\t\t\t\t\t\t\t\r\n\t\t\t\t\t\t\t\t<div class=\"featured-item\">\r\n\t\t\t\t\t<div class=\"featured-img\">\r\n\t\t\t\t\t\t\t\t\t\t\t<img loading=\"lazy\" decoding=\"async\" width=\"200\" height=\"111\" src=\"http:\/\/winkle.pl\/wp-content\/uploads\/2016\/09\/logo_inspiro_big-200x111.jpg\" class=\"attachment-talon-home-small size-talon-home-small wp-post-image\" alt=\"\" \/>\t\t\t\t\t\t\t\t\t\t<\/div>\r\n\t\t\t\t\t<div class=\"featured-text\">\r\n\t\t\t\t\t\t<h5><\/h5>\r\n\t\t\t\t\t<\/div>\r\n\t\t\t\t<\/div>\r\n\t\t\t\t\r\n\t\t\t\r\n\t\t\t\t\r\n\r\n\t\t<\/div>\r\n\t\t<\/div><\/div><\/div><\/div><\/div><\/div>","protected":false},"excerpt":{"rendered":"<p>KIM JESTE\u015aMY? Jeste\u015bmy zespo\u0142em architekt\u00f3w, z pasj\u0105 do nieszablonowych projekt\u00f3w architektury, wn\u0119trz oraz produkt\u00f3w. Jeste\u015bmy w stanie przeku\u0107 nawet najbardziej&nbsp;[&hellip;]<\/p>\n","protected":false},"author":1,"featured_media":0,"parent":0,"menu_order":0,"comment_status":"closed","ping_status":"closed","template":"page-templates\/template_page-builder.php","meta":{"jetpack_post_was_ever_published":false,"footnotes":""},"jetpack_sharing_enabled":true,"jetpack_shortlink":"https:\/\/wp.me\/P9vL7T-36","_links":{"self":[{"href":"http:\/\/winkle.pl\/index.php?rest_route=\/wp\/v2\/pages\/192"}],"collection":[{"href":"http:\/\/winkle.pl\/index.php?rest_route=\/wp\/v2\/pages"}],"about":[{"href":"http:\/\/winkle.pl\/index.php?rest_route=\/wp\/v2\/types\/page"}],"author":[{"embeddable":true,"href":"http:\/\/winkle.pl\/index.php?rest_route=\/wp\/v2\/users\/1"}],"replies":[{"embeddable":true,"href":"http:\/\/winkle.pl\/index.php?rest_route=%2Fwp%2Fv2%2Fcomments&post=192"}],"version-history":[{"count":187,"href":"http:\/\/winkle.pl\/index.php?rest_route=\/wp\/v2\/pages\/192\/revisions"}],"predecessor-version":[{"id":1390,"href":"http:\/\/winkle.pl\/index.php?rest_route=\/wp\/v2\/pages\/192\/revisions\/1390"}],"wp:attachment":[{"href":"http:\/\/winkle.pl\/index.php?rest_route=%2Fwp%2Fv2%2Fmedia&parent=192"}],"curies":[{"name":"wp","href":"https:\/\/api.w.org\/{rel}","templated":true}]}}